{"id":10152,"date":"2019-02-18T11:25:21","date_gmt":"2019-02-18T11:25:21","guid":{"rendered":"http:\/\/www.misdetallesdeboda.com\/detalles\/?post_type=product&#038;p=10152"},"modified":"2025-09-07T06:12:24","modified_gmt":"2025-09-07T06:12:24","slug":"abanico-natural-colores-recuerdo","status":"publish","type":"product","link":"https:\/\/www.misdetallesdeboda.com\/detalles\/producto\/abanico-natural-colores-recuerdo\/","title":{"rendered":"Abanico de madera 23cm 6 colores"},"content":{"rendered":"<p>Abanico de Madera y Tela \u2013 Regalo para Invitados<\/p>\n<p>Elegante abanico fabricado en madera con tela, ideal como detalle de cortes\u00eda para los invitados en bodas, bautizos, comuniones y otros eventos especiales.<\/p>\n<p>Disponible en un surtido de seis colores cuidadosamente seleccionados: azul marino, rojo, verde oscuro, amarillo, crema y naranja claro. Los colores se entregan en proporciones iguales, aportando un toque de variedad y armon\u00eda a su presentaci\u00f3n.<\/p>\n<p>Medida: 23 cm<\/p>\n<p>Materiales: Madera y tela<\/p>\n<p>Colores surtidos: Azul marino, rojo, verde oscuro, amarillo, crema y naranja claro<\/p>\n<p>Pedido m\u00ednimo: 10 unidades<\/p>\n<p>Este abanico combina funcionalidad y distinci\u00f3n, convirti\u00e9ndose en un recuerdo \u00fatil y apreciado por todos los asistentes.<\/p>\n<p>Tu tienda de abanicos tradicionales y \u00fanicos<\/p>\n<p>Con a\u00f1os de experiencia y trabajando con los mejores proveedores de Espa\u00f1a, somos especialistas en abanicos de gran calidad, elaborados con esmero y tradici\u00f3n. En nuestra tienda online encontrar\u00e1s abanicos originales para todas las ocasiones, desde eventos elegantes y celebraciones especiales hasta el d\u00eda a d\u00eda.<\/p>\n<p>Ofrecemos una amplia variedad de estilos, dise\u00f1os y colores, para que siempre encuentres el abanico perfecto que refleje tu personalidad y se adapte a cada momento. Contamos con el abanico adecuado para cada ocasi\u00f3n: bodas, bautizos, comuniones, fiestas o uso diario.<\/p>\n<p>Adem\u00e1s:<\/p>\n<p>Vendemos abanicos a todos los pa\u00edses de Europa.<\/p>\n<p>Enviamos a Portugal con el mismo coste que el env\u00edo nacional.<\/p>\n<p>Garantizamos un env\u00edo r\u00e1pido a toda Espa\u00f1a y Europa.<\/p>\n<p>Ofrecemos abanicos personalizados, ya sea con grabaci\u00f3n de nombre, mensaje o incluso con foto, para un recuerdo \u00fanico y especial.<\/p>\n<p>Descubre la autenticidad, la tradici\u00f3n y la belleza de los abanicos espa\u00f1oles en un solo lugar.<\/p>\n","protected":false},"excerpt":{"rendered":"<p>Abanico de Madera y Tela \u2013 Regalo para Invitados Elegante abanico fabricado en madera con tela, ideal como detalle de cortes\u00eda para los invitados en bodas, bautizos, comuniones y otros eventos especiales. Disponible en un [&hellip;]<\/p>\n","protected":false},"featured_media":17968,"template":"","meta":[],"product_brand":[],"product_cat":[13,63],"product_tag":[155],"class_list":{"0":"post-10152","1":"product","2":"type-product","3":"status-publish","4":"has-post-thumbnail","6":"product_cat-abanicos","7":"product_cat-ofertas","8":"product_tag-abanico-23cm","9":"clearfix","11":"first","12":"instock","13":"sale","14":"shipping-taxable","15":"purchasable","16":"product-type-simple"},"_links":{"self":[{"href":"https:\/\/www.misdetallesdeboda.com\/detalles\/wp-json\/wp\/v2\/product\/10152","targetHints":{"allow":["GET"]}}],"collection":[{"href":"https:\/\/www.misdetallesdeboda.com\/detalles\/wp-json\/wp\/v2\/product"}],"about":[{"href":"https:\/\/www.misdetallesdeboda.com\/detalles\/wp-json\/wp\/v2\/types\/product"}],"wp:featuredmedia":[{"embeddable":true,"href":"https:\/\/www.misdetallesdeboda.com\/detalles\/wp-json\/wp\/v2\/media\/17968"}],"wp:attachment":[{"href":"https:\/\/www.misdetallesdeboda.com\/detalles\/wp-json\/wp\/v2\/media?parent=10152"}],"wp:term":[{"taxonomy":"product_brand","embeddable":true,"href":"https:\/\/www.misdetallesdeboda.com\/detalles\/wp-json\/wp\/v2\/product_brand?post=10152"},{"taxonomy":"product_cat","embeddable":true,"href":"https:\/\/www.misdetallesdeboda.com\/detalles\/wp-json\/wp\/v2\/product_cat?post=10152"},{"taxonomy":"product_tag","embeddable":true,"href":"https:\/\/www.misdetallesdeboda.com\/detalles\/wp-json\/wp\/v2\/product_tag?post=10152"}],"curies":[{"name":"wp","href":"https:\/\/api.w.org\/{rel}","templated":true}]}}