{"id":10133,"date":"2019-02-17T13:37:24","date_gmt":"2019-02-17T13:37:24","guid":{"rendered":"http:\/\/www.misdetallesdeboda.com\/detalles\/producto\/tarro-de-miel-40grs-recuerdo-comunion-nino-o-nina\/"},"modified":"2019-02-17T13:38:05","modified_gmt":"2019-02-17T13:38:05","slug":"tarro-de-miel-40grs-recuerdo-comunion-nino-o-nina","status":"publish","type":"product","link":"https:\/\/www.misdetallesdeboda.com\/detalles\/producto\/tarro-de-miel-40grs-recuerdo-comunion-nino-o-nina\/","title":{"rendered":"Tarro de miel 40grs recuerdo comuni\u00f3n ni\u00f1o o ni\u00f1a"},"content":{"rendered":"<p>TARRO MIEL NI\u00d1A o ni\u00f1o comuni\u00f3n 40 GR. <\/p>\n<p>Dulce y sabroso recuerdo de comuni\u00f3n con etiqueta decorada, todos los invitados agradecer\u00e1n<\/p>\n<p>Pedido m\u00ednimo 10 unidades<\/p>\n","protected":false},"excerpt":{"rendered":"<p>TARRO MIEL NI\u00d1A o ni\u00f1o comuni\u00f3n 40 GR. Dulce y sabroso recuerdo de comuni\u00f3n con etiqueta decorada, todos los invitados agradecer\u00e1n Pedido m\u00ednimo 10 unidades<\/p>\n","protected":false},"featured_media":10130,"template":"","meta":[],"product_brand":[],"product_cat":[166,42],"product_tag":[165,164],"class_list":{"0":"post-10133","1":"product","2":"type-product","3":"status-publish","4":"has-post-thumbnail","6":"product_cat-cumpleanos","7":"product_cat-comunion","8":"product_tag-comunion-nina","9":"product_tag-comunion-nino","10":"clearfix","12":"first","13":"instock","14":"shipping-taxable","15":"purchasable","16":"product-type-simple"},"_links":{"self":[{"href":"https:\/\/www.misdetallesdeboda.com\/detalles\/wp-json\/wp\/v2\/product\/10133","targetHints":{"allow":["GET"]}}],"collection":[{"href":"https:\/\/www.misdetallesdeboda.com\/detalles\/wp-json\/wp\/v2\/product"}],"about":[{"href":"https:\/\/www.misdetallesdeboda.com\/detalles\/wp-json\/wp\/v2\/types\/product"}],"wp:featuredmedia":[{"embeddable":true,"href":"https:\/\/www.misdetallesdeboda.com\/detalles\/wp-json\/wp\/v2\/media\/10130"}],"wp:attachment":[{"href":"https:\/\/www.misdetallesdeboda.com\/detalles\/wp-json\/wp\/v2\/media?parent=10133"}],"wp:term":[{"taxonomy":"product_brand","embeddable":true,"href":"https:\/\/www.misdetallesdeboda.com\/detalles\/wp-json\/wp\/v2\/product_brand?post=10133"},{"taxonomy":"product_cat","embeddable":true,"href":"https:\/\/www.misdetallesdeboda.com\/detalles\/wp-json\/wp\/v2\/product_cat?post=10133"},{"taxonomy":"product_tag","embeddable":true,"href":"https:\/\/www.misdetallesdeboda.com\/detalles\/wp-json\/wp\/v2\/product_tag?post=10133"}],"curies":[{"name":"wp","href":"https:\/\/api.w.org\/{rel}","templated":true}]}}