{"id":10122,"date":"2019-02-17T13:19:28","date_gmt":"2019-02-17T13:19:28","guid":{"rendered":"http:\/\/www.misdetallesdeboda.com\/detalles\/producto\/galon-de-aceite-de-oliva-40ml\/"},"modified":"2019-11-18T08:36:37","modified_gmt":"2019-11-18T08:36:37","slug":"miel-con-palo-barato","status":"publish","type":"product","link":"https:\/\/www.misdetallesdeboda.com\/detalles\/producto\/miel-con-palo-barato\/","title":{"rendered":"Tarro de miel 120 grs con palo"},"content":{"rendered":"<p>TARRO MIEL de 120 grs m\u00e1s palo de madera<\/p>\n<p>Medida 9cm de largo<\/p>\n<p>Dulce y sabroso recuerdo de boda, comuni\u00f3n o bautizo con tela de arpillera decorativa en la tapa, todos los invitados agradecer\u00e1n<\/p>\n<p>Pedido m\u00ednimo 20 unidades<\/p>\n","protected":false},"excerpt":{"rendered":"<p>TARRO MIEL de 120 grs m\u00e1s palo de madera Medida 9cm de largo Dulce y sabroso recuerdo de boda, comuni\u00f3n o bautizo con tela de arpillera decorativa en la tapa, todos los invitados agradecer\u00e1n Pedido [&hellip;]<\/p>\n","protected":false},"featured_media":11093,"template":"","meta":[],"product_brand":[],"product_cat":[166],"product_tag":[],"class_list":{"0":"post-10122","1":"product","2":"type-product","3":"status-publish","4":"has-post-thumbnail","6":"product_cat-cumpleanos","7":"clearfix","9":"first","10":"instock","11":"shipping-taxable","12":"purchasable","13":"product-type-simple"},"_links":{"self":[{"href":"https:\/\/www.misdetallesdeboda.com\/detalles\/wp-json\/wp\/v2\/product\/10122","targetHints":{"allow":["GET"]}}],"collection":[{"href":"https:\/\/www.misdetallesdeboda.com\/detalles\/wp-json\/wp\/v2\/product"}],"about":[{"href":"https:\/\/www.misdetallesdeboda.com\/detalles\/wp-json\/wp\/v2\/types\/product"}],"wp:featuredmedia":[{"embeddable":true,"href":"https:\/\/www.misdetallesdeboda.com\/detalles\/wp-json\/wp\/v2\/media\/11093"}],"wp:attachment":[{"href":"https:\/\/www.misdetallesdeboda.com\/detalles\/wp-json\/wp\/v2\/media?parent=10122"}],"wp:term":[{"taxonomy":"product_brand","embeddable":true,"href":"https:\/\/www.misdetallesdeboda.com\/detalles\/wp-json\/wp\/v2\/product_brand?post=10122"},{"taxonomy":"product_cat","embeddable":true,"href":"https:\/\/www.misdetallesdeboda.com\/detalles\/wp-json\/wp\/v2\/product_cat?post=10122"},{"taxonomy":"product_tag","embeddable":true,"href":"https:\/\/www.misdetallesdeboda.com\/detalles\/wp-json\/wp\/v2\/product_tag?post=10122"}],"curies":[{"name":"wp","href":"https:\/\/api.w.org\/{rel}","templated":true}]}}