{"id":10102,"date":"2019-02-15T15:18:19","date_gmt":"2019-02-15T15:18:19","guid":{"rendered":"http:\/\/www.misdetallesdeboda.com\/detalles\/producto\/lapices-de-colores-unicornio\/"},"modified":"2023-03-21T17:38:26","modified_gmt":"2023-03-21T17:38:26","slug":"lapiz-decorado-artesanal","status":"publish","type":"product","link":"https:\/\/www.misdetallesdeboda.com\/detalles\/producto\/lapiz-decorado-artesanal\/","title":{"rendered":"Lapiz en estuche decorado artesanal"},"content":{"rendered":"<p>L\u00e1piz de madera en delicado estuche de cart\u00f3n con decoraci\u00f3n artesanal<\/p>\n<p>Un detalle muy original para bodas bautizos y comuniones<\/p>\n<p>Dimensiones: lapiz 20cm<\/p>\n<p>Un detalle original y delicado para sus invitados<\/p>\n<p><strong>Pedido m\u00ednimo 10 unidades. <\/strong><\/p>\n","protected":false},"excerpt":{"rendered":"<p>L\u00e1piz de madera en delicado estuche de cart\u00f3n con decoraci\u00f3n artesanal Un detalle muy original para bodas bautizos y comuniones Dimensiones: lapiz 20cm Un detalle original y delicado para sus invitados Pedido m\u00ednimo 10 unidades.<\/p>\n","protected":false},"featured_media":10681,"template":"","meta":[],"product_brand":[],"product_cat":[30,63],"product_tag":[],"class_list":{"0":"post-10102","1":"product","2":"type-product","3":"status-publish","4":"has-post-thumbnail","6":"product_cat-boligrafos","7":"product_cat-ofertas","8":"clearfix","10":"first","11":"instock","12":"shipping-taxable","13":"purchasable","14":"product-type-simple"},"_links":{"self":[{"href":"https:\/\/www.misdetallesdeboda.com\/detalles\/wp-json\/wp\/v2\/product\/10102","targetHints":{"allow":["GET"]}}],"collection":[{"href":"https:\/\/www.misdetallesdeboda.com\/detalles\/wp-json\/wp\/v2\/product"}],"about":[{"href":"https:\/\/www.misdetallesdeboda.com\/detalles\/wp-json\/wp\/v2\/types\/product"}],"wp:featuredmedia":[{"embeddable":true,"href":"https:\/\/www.misdetallesdeboda.com\/detalles\/wp-json\/wp\/v2\/media\/10681"}],"wp:attachment":[{"href":"https:\/\/www.misdetallesdeboda.com\/detalles\/wp-json\/wp\/v2\/media?parent=10102"}],"wp:term":[{"taxonomy":"product_brand","embeddable":true,"href":"https:\/\/www.misdetallesdeboda.com\/detalles\/wp-json\/wp\/v2\/product_brand?post=10102"},{"taxonomy":"product_cat","embeddable":true,"href":"https:\/\/www.misdetallesdeboda.com\/detalles\/wp-json\/wp\/v2\/product_cat?post=10102"},{"taxonomy":"product_tag","embeddable":true,"href":"https:\/\/www.misdetallesdeboda.com\/detalles\/wp-json\/wp\/v2\/product_tag?post=10102"}],"curies":[{"name":"wp","href":"https:\/\/api.w.org\/{rel}","templated":true}]}}