{"id":784,"date":"2014-06-17T21:25:01","date_gmt":"2014-06-17T21:25:01","guid":{"rendered":"http:\/\/www.misdetallesdeboda.com\/detalles\/?page_id=784"},"modified":"2025-05-02T11:25:35","modified_gmt":"2025-05-02T11:25:35","slug":"formas-de-envio","status":"publish","type":"page","link":"https:\/\/www.misdetallesdeboda.com\/detalles\/formas-de-envio\/","title":{"rendered":"Formas de env\u00edo"},"content":{"rendered":"<p><strong>FORMAS DE ENV\u00cdO:<\/strong><\/p>\n<p>-Portes nacionales pen\u00ednsula y Portugal-Correo postal: 6,50\u20ac<br \/>\n-Env\u00edos a Baleares correo postal: 15\u20ac<\/p>\n<p>-Canarias correo postal: 35\u20ac paquetes de hasta 5kgs<\/p>\n<p>-Env\u00edo internacional a todo el mundo por correo postal internacional: El coste del env\u00edo internacional depende del peso del paquete. Cons\u00faltenos.<\/p>\n<p>-Envios para Portugal: 6,50\u20ac<\/p>\n<p><strong>Plazo de env\u00edo: <\/strong><br \/>\nEl plazo de env\u00edo depende del producto, cons\u00faltenos.<\/p>\n<p>-Env\u00edos internacionales: Correo Postal. En este caso, los gastos de env\u00edo dependen del peso y del destino de la caja.<br \/>\n<strong>-International delivery: By post oficce services. The shipping cost depends of the destiny and wheigh of the box. Ask us!<\/strong><\/p>\n<p><strong>FORMAS DE PAGO:<\/strong><\/p>\n<p>INGRESO O TRANSFERENCIA BANCARIA Tras enviar el formulario de pedido le informaremos nuestro numero de cuenta en Openbank (oficinas Santander)<\/p>\n<p>TODOS NUESTROS PRECIOS LLEVAN EL IVA INCLUIDO<\/p>\n<p>Los art\u00edculos ofrecidos en nuestra tienda est\u00e1n avalados por la firma MIS DETALLES DE BODA. Ofrecer la m\u00e1xima calidad y la mejor garant\u00eda es nuestro compromiso con nuestros clientes.<\/p>\n<p><strong>Devoluciones<\/strong><br \/>\nSi cuando usted reciba su pedido no queda satisfecho, tiene un plazo de 15 d\u00edas, a contar desde la fecha de recepci\u00f3n para ejecutar el derecho de devoluci\u00f3n. Los gastos de env\u00edo y recogida en caso de devoluci\u00f3n correr\u00e1n por cuenta del cliente.<br \/>\nPara realizar dicha devoluci\u00f3n, el producto debe estar en perfectas condiciones y en su embalaje original. Una vez recibida la mercanc\u00eda en nuestro almac\u00e9n, y previa comprobaci\u00f3n del estado de la misma, se proceder\u00e1 al reintegro de su importe (excluido los gastos de env\u00edo) por medio de ingreso en la cuenta bancaria del cliente.<br \/>\n<strong>Reclamaciones<\/strong><br \/>\nEs importante revisar la mercancia en el momento que reciba el pedido. Las reclamaciones son aceptadas en un plazo m\u00e1ximo de 15 d\u00edas h\u00e1biles a contar desde la fecha de recepci\u00f3n del pedido.<br \/>\nEn de art\u00edculos personalizados no se aceptan devoluciones.<\/p>\n<p>Cambios<br \/>\nLos cambios de mercanc\u00eda (que no sean productos personalizados) se admiten. En este caso los gastos de entrega y recorrida correr\u00e1n por cuenta del cliente y la diferencia debe ser abonada previamente. En cualquier caso, se admitir\u00e1 la devoluci\u00f3n de los productos defectuosos y env\u00edos err\u00f3neos, siendo MIS DETALLES DE BODA quien se har\u00e1 cargo de los gastos de env\u00edo siempre que el cliente comunique esta circunstancia en el plazo de 24hs contados desde la fecha de recepci\u00f3n del env\u00edo.<\/p>\n","protected":false},"excerpt":{"rendered":"<p>FORMAS DE ENV\u00cdO: -Portes nacionales pen\u00ednsula y Portugal-Correo postal: 6,50\u20ac -Env\u00edos a Baleares correo postal: 15\u20ac -Canarias correo postal: 35\u20ac paquetes de hasta 5kgs -Env\u00edo internacional a todo el mundo por correo postal internacional: El [&hellip;]<\/p>\n","protected":false},"author":1,"featured_media":0,"parent":0,"menu_order":0,"comment_status":"open","ping_status":"open","template":"","meta":{"footnotes":""},"class_list":["post-784","page","type-page","status-publish","hentry","clearfix"],"_links":{"self":[{"href":"https:\/\/www.misdetallesdeboda.com\/detalles\/wp-json\/wp\/v2\/pages\/784","targetHints":{"allow":["GET"]}}],"collection":[{"href":"https:\/\/www.misdetallesdeboda.com\/detalles\/wp-json\/wp\/v2\/pages"}],"about":[{"href":"https:\/\/www.misdetallesdeboda.com\/detalles\/wp-json\/wp\/v2\/types\/page"}],"author":[{"embeddable":true,"href":"https:\/\/www.misdetallesdeboda.com\/detalles\/wp-json\/wp\/v2\/users\/1"}],"replies":[{"embeddable":true,"href":"https:\/\/www.misdetallesdeboda.com\/detalles\/wp-json\/wp\/v2\/comments?post=784"}],"version-history":[{"count":29,"href":"https:\/\/www.misdetallesdeboda.com\/detalles\/wp-json\/wp\/v2\/pages\/784\/revisions"}],"predecessor-version":[{"id":17884,"href":"https:\/\/www.misdetallesdeboda.com\/detalles\/wp-json\/wp\/v2\/pages\/784\/revisions\/17884"}],"wp:attachment":[{"href":"https:\/\/www.misdetallesdeboda.com\/detalles\/wp-json\/wp\/v2\/media?parent=784"}],"curies":[{"name":"wp","href":"https:\/\/api.w.org\/{rel}","templated":true}]}}