{"id":12618,"date":"2022-02-21T16:22:17","date_gmt":"2022-02-21T16:22:17","guid":{"rendered":"http:\/\/www.misdetallesdeboda.com\/detalles\/password-reset\/"},"modified":"2022-02-21T16:22:17","modified_gmt":"2022-02-21T16:22:17","slug":"password-reset","status":"publish","type":"page","link":"https:\/\/www.misdetallesdeboda.com\/detalles\/password-reset\/","title":{"rendered":"Password Reset"},"content":{"rendered":"\n<div class=\"wpum-template wpum-form wpum-password-recovery-form\">\n\n\t\n\t<p>\n\t\t\u00bfHas olvidado tu contrase\u00f1a? Por favor, escribe tu nombre de usuario o tu direcci\u00f3n de correo electr\u00f3nico. Recibir\u00e1s por correo electr\u00f3nico un enlace para crear una nueva contrase\u00f1a.\t<\/p>\n\n\t<form action=\"\/detalles\/wp-json\/wp\/v2\/pages\/12618\" method=\"post\" id=\"wpum-submit-password-recovery-form\" enctype=\"multipart\/form-data\">\n\n\t\t\t\t\t<fieldset class=\"fieldset-username_email\">\n\n\t\t\t\t\n\t\t\t\t\t<label for=\"username_email\">\n\t\t\t\t\t\tNombre de usuario o correo electr\u00f3nico\t\t\t\t\t\t\t\t\t\t\t\t\t<span class=\"wpum-required\">*<\/span>\n\t\t\t\t\t\t\t\t\t\t\t<\/label>\n\t\t\t\t\t<div class=\"field required-field\">\n\t\t\t\t\t\t\n<input\n\ttype=\"text\"\n\tclass=\"input-text\"\n\tname=\"username_email\"\n\t\tid=\"username_email\"\n\tplaceholder=\"\"\n\tvalue=\"\"\n\tmaxlength=\"\"\n\trequired\t\t\/>\n\t\t\t\t\t<\/div>\n\n\t\t\t\t\n\t\t\t<\/fieldset>\n\t\t\n\t\t<input type=\"hidden\" name=\"wpum_form\" value=\"password-recovery\" \/>\n\t\t<input type=\"hidden\" name=\"step\" value=\"0\" \/>\n\t\t<input type=\"hidden\" id=\"password_recovery_nonce\" name=\"password_recovery_nonce\" value=\"a999f13997\" \/><input type=\"hidden\" name=\"_wp_http_referer\" value=\"\/detalles\/wp-json\/wp\/v2\/pages\/12618\" \/>\n\t\t\n\t\t<input type=\"submit\" name=\"submit_password_recovery\" class=\"button\" value=\"Restablecer la contrase\u00f1a\" \/>\n\n\t<\/form>\n\n<\/div>\n\n<ul class=\"wpum-action-links\">\n\t\t<li>\n\t\t\u00bfYa tienes una cuenta? <a href=\"https:\/\/www.misdetallesdeboda.com\/detalles\/log-in\/\">Entra &raquo;<\/a>\t<\/li>\n\t\t\t<li>\n\t\t\u00bfNo tienes una cuenta? <a href=\"https:\/\/www.misdetallesdeboda.com\/detalles\/register\/\">Reg\u00edstrate &raquo;<\/a>\t<\/li>\n\t\t<\/ul>\n","protected":false},"excerpt":{"rendered":"","protected":false},"author":1,"featured_media":0,"parent":0,"menu_order":0,"comment_status":"closed","ping_status":"closed","template":"","meta":{"footnotes":""},"class_list":["post-12618","page","type-page","status-publish","hentry","clearfix"],"_links":{"self":[{"href":"https:\/\/www.misdetallesdeboda.com\/detalles\/wp-json\/wp\/v2\/pages\/12618","targetHints":{"allow":["GET"]}}],"collection":[{"href":"https:\/\/www.misdetallesdeboda.com\/detalles\/wp-json\/wp\/v2\/pages"}],"about":[{"href":"https:\/\/www.misdetallesdeboda.com\/detalles\/wp-json\/wp\/v2\/types\/page"}],"author":[{"embeddable":true,"href":"https:\/\/www.misdetallesdeboda.com\/detalles\/wp-json\/wp\/v2\/users\/1"}],"replies":[{"embeddable":true,"href":"https:\/\/www.misdetallesdeboda.com\/detalles\/wp-json\/wp\/v2\/comments?post=12618"}],"version-history":[{"count":0,"href":"https:\/\/www.misdetallesdeboda.com\/detalles\/wp-json\/wp\/v2\/pages\/12618\/revisions"}],"wp:attachment":[{"href":"https:\/\/www.misdetallesdeboda.com\/detalles\/wp-json\/wp\/v2\/media?parent=12618"}],"curies":[{"name":"wp","href":"https:\/\/api.w.org\/{rel}","templated":true}]}}